{"id":236,"date":"2026-02-11T18:13:18","date_gmt":"2026-02-11T18:13:18","guid":{"rendered":"https:\/\/italiapan.cl\/?post_type=product&#038;p=236"},"modified":"2026-02-11T18:13:18","modified_gmt":"2026-02-11T18:13:18","slug":"rebanada-de-pastel-de-vainilla-y-chocolate-marmoleado","status":"publish","type":"product","link":"https:\/\/italiapan.cl\/index.php\/producto\/rebanada-de-pastel-de-vainilla-y-chocolate-marmoleado\/","title":{"rendered":"Rebanada de pastel de vainilla y chocolate marmoleado"},"content":{"rendered":"<p>rebanada de pastel de vainilla y chocolate marmoleado<\/p>\n<div class=\"WaaZC\">\n<div class=\"RJPOee EIJn2\">\n<div class=\"rPeykc uP58nb MNX06c\" data-hveid=\"CAMQAQ\" data-ved=\"2ahUKEwjqqbDggtKSAxV2rJUCHYBLJrgQo_EKegQIAxAB\"><span data-huuid=\"16886719094692174607\"><span role=\"heading\" aria-level=\"2\">Es una rebanada de pastel de vainilla y chocolate marmoleado, relleno de mermelada artesanal de fresas y crema batida, con una galleta Oreo en la parte superior.<\/span><span class=\"pjBG2e\" data-cid=\"c7b14e69-acb2-4ffb-9628-75d6d3a01b23\"><span class=\"UV3uM\">\u00a0<\/span><\/span><\/span><\/p>\n<div class=\"NPrrbc\" data-cid=\"c7b14e69-acb2-4ffb-9628-75d6d3a01b23\" data-uuids=\"16886719094692174607\">\n<div class=\"BMebGe btku5b FR7ZSc OJeuxf\" tabindex=\"0\" role=\"button\" aria-label=\"Ver v\u00ednculos relacionados\" data-hveid=\"CAIQAQ\" data-ved=\"2ahUKEwjqqbDggtKSAxV2rJUCHYBLJrgQ3fYKegQIAhAB\">\n<div class=\"niO4u B6OMee\"><\/div>\n<\/div>\n<\/div>\n<\/div>\n<\/div>\n<\/div>\n<div class=\"WaaZC\">\n<div class=\"RJPOee EIJn2\">\n<ul data-hveid=\"CBAQAQ\" data-ved=\"2ahUKEwjqqbDggtKSAxV2rJUCHYBLJrgQm_YKegQIEBAB\">\n<li><span data-huuid=\"16886719094692174720\">El pastel es de la panader\u00eda \u00abPan Italia\u00bb, establecida desde 1948.<\/span><\/li>\n<li><span data-huuid=\"16886719094692173430\">Presenta capas alternas de bizcocho y relleno cremoso con mermelada de fresa.<span class=\"pjBG2e\" data-cid=\"4d868cbb-2e0b-4107-97c9-d5f81b12ba51\"><span class=\"UV3uM\">\u00a0<\/span><\/span><\/span>\n<div class=\"NPrrbc\" data-cid=\"4d868cbb-2e0b-4107-97c9-d5f81b12ba51\" data-uuids=\"16886719094692173430\">\n<div class=\"BMebGe btku5b FR7ZSc OJeuxf\" tabindex=\"0\" role=\"button\" aria-label=\"Ver v\u00ednculos relacionados\" data-hveid=\"CAgQAQ\" data-ved=\"2ahUKEwjqqbDggtKSAxV2rJUCHYBLJrgQ3fYKegQICBAB\">\n<div class=\"niO4u B6OMee\"><\/div>\n<\/div>\n<\/div>\n<\/li>\n<li><span data-huuid=\"16886719094692172140\">La presentaci\u00f3n sugiere que podr\u00eda ser una versi\u00f3n de la popular torta tres leches o un pastel de fresas con crema.<span class=\"pjBG2e\" data-cid=\"3a44b644-1c21-4304-9903-b81fe6a36870\"><span class=\"UV3uM\">\u00a0<\/span><\/span><\/span>\n<div class=\"NPrrbc\" data-cid=\"3a44b644-1c21-4304-9903-b81fe6a36870\" data-uuids=\"16886719094692172140\">\n<div class=\"BMebGe btku5b FR7ZSc OJeuxf\" tabindex=\"0\" role=\"button\" aria-label=\"Ver v\u00ednculos relacionados\" data-hveid=\"CA0QAQ\" data-ved=\"2ahUKEwjqqbDggtKSAxV2rJUCHYBLJrgQ3fYKegQIDRAB\">\n<div class=\"niO4u B6OMee\"><\/div>\n<\/div>\n<\/div>\n<\/li>\n<li><span data-huuid=\"16886719094692174946\">Est\u00e1 empaquetado en un recipiente de pl\u00e1stico transparente individual.<\/span><\/li>\n<\/ul>\n<\/div>\n<\/div>\n","protected":false},"excerpt":{"rendered":"<p>Rebanada de pastel de vainilla y chocolate marmoleado\u00a0 \u00a0$2000 POR UNIDAD<\/p>\n","protected":false},"featured_media":237,"comment_status":"open","ping_status":"closed","template":"","meta":[],"product_brand":[],"product_cat":[21],"product_tag":[33],"class_list":{"0":"post-236","1":"product","2":"type-product","3":"status-publish","4":"has-post-thumbnail","6":"product_cat-pasteleria","7":"product_tag-rebanada-de-pastel-de-vainilla-y-chocolate-marmoleado","8":"latest_post","10":"first","11":"instock","12":"shipping-taxable","13":"purchasable","14":"product-type-simple"},"yoast_head":"<!-- This site is optimized with the Yoast SEO plugin v27.1.1 - https:\/\/yoast.com\/product\/yoast-seo-wordpress\/ -->\n<title>Rebanada de pastel de vainilla y chocolate marmoleado<\/title>\n<meta name=\"robots\" content=\"index, follow, max-snippet:-1, max-image-preview:large, max-video-preview:-1\" \/>\n<link rel=\"canonical\" href=\"https:\/\/italiapan.cl\/index.php\/producto\/rebanada-de-pastel-de-vainilla-y-chocolate-marmoleado\/\" \/>\n<meta property=\"og:locale\" content=\"es_ES\" \/>\n<meta property=\"og:type\" content=\"article\" \/>\n<meta property=\"og:title\" content=\"Rebanada de pastel de vainilla y chocolate marmoleado\" \/>\n<meta property=\"og:description\" content=\"Rebanada de pastel de vainilla y chocolate marmoleado\u00a0 \u00a0$2000 POR UNIDAD\" \/>\n<meta property=\"og:url\" content=\"https:\/\/italiapan.cl\/index.php\/producto\/rebanada-de-pastel-de-vainilla-y-chocolate-marmoleado\/\" \/>\n<meta property=\"og:site_name\" content=\"Panaderia y Pasteleria\" \/>\n<meta property=\"og:image\" content=\"https:\/\/italiapan.cl\/wp-content\/uploads\/2026\/02\/PANADERIA-116-scaled.jpg\" \/>\n\t<meta property=\"og:image:width\" content=\"2560\" \/>\n\t<meta property=\"og:image:height\" content=\"1707\" \/>\n\t<meta property=\"og:image:type\" content=\"image\/jpeg\" \/>\n<meta name=\"twitter:card\" content=\"summary_large_image\" \/>\n<meta name=\"twitter:label1\" content=\"Tiempo de lectura\" \/>\n\t<meta name=\"twitter:data1\" content=\"1 minuto\" \/>\n<script type=\"application\/ld+json\" class=\"yoast-schema-graph\">{\"@context\":\"https:\/\/schema.org\",\"@graph\":[{\"@type\":\"WebPage\",\"@id\":\"https:\/\/italiapan.cl\/index.php\/producto\/rebanada-de-pastel-de-vainilla-y-chocolate-marmoleado\/\",\"url\":\"https:\/\/italiapan.cl\/index.php\/producto\/rebanada-de-pastel-de-vainilla-y-chocolate-marmoleado\/\",\"name\":\"Rebanada de pastel de vainilla y chocolate marmoleado\",\"isPartOf\":{\"@id\":\"https:\/\/italiapan.cl\/#website\"},\"primaryImageOfPage\":{\"@id\":\"https:\/\/italiapan.cl\/index.php\/producto\/rebanada-de-pastel-de-vainilla-y-chocolate-marmoleado\/#primaryimage\"},\"image\":{\"@id\":\"https:\/\/italiapan.cl\/index.php\/producto\/rebanada-de-pastel-de-vainilla-y-chocolate-marmoleado\/#primaryimage\"},\"thumbnailUrl\":\"https:\/\/italiapan.cl\/wp-content\/uploads\/2026\/02\/PANADERIA-116-scaled.jpg\",\"datePublished\":\"2026-02-11T18:13:18+00:00\",\"breadcrumb\":{\"@id\":\"https:\/\/italiapan.cl\/index.php\/producto\/rebanada-de-pastel-de-vainilla-y-chocolate-marmoleado\/#breadcrumb\"},\"inLanguage\":\"es\",\"potentialAction\":[{\"@type\":\"ReadAction\",\"target\":[\"https:\/\/italiapan.cl\/index.php\/producto\/rebanada-de-pastel-de-vainilla-y-chocolate-marmoleado\/\"]}]},{\"@type\":\"ImageObject\",\"inLanguage\":\"es\",\"@id\":\"https:\/\/italiapan.cl\/index.php\/producto\/rebanada-de-pastel-de-vainilla-y-chocolate-marmoleado\/#primaryimage\",\"url\":\"https:\/\/italiapan.cl\/wp-content\/uploads\/2026\/02\/PANADERIA-116-scaled.jpg\",\"contentUrl\":\"https:\/\/italiapan.cl\/wp-content\/uploads\/2026\/02\/PANADERIA-116-scaled.jpg\",\"width\":2560,\"height\":1707},{\"@type\":\"BreadcrumbList\",\"@id\":\"https:\/\/italiapan.cl\/index.php\/producto\/rebanada-de-pastel-de-vainilla-y-chocolate-marmoleado\/#breadcrumb\",\"itemListElement\":[{\"@type\":\"ListItem\",\"position\":1,\"name\":\"Portada\",\"item\":\"https:\/\/italiapan.cl\/\"},{\"@type\":\"ListItem\",\"position\":2,\"name\":\"Tienda\",\"item\":\"https:\/\/italiapan.cl\/index.php\/tienda\/\"},{\"@type\":\"ListItem\",\"position\":3,\"name\":\"Rebanada de pastel de vainilla y chocolate marmoleado\"}]},{\"@type\":\"WebSite\",\"@id\":\"https:\/\/italiapan.cl\/#website\",\"url\":\"https:\/\/italiapan.cl\/\",\"name\":\"Panaderia y Pasteleria\",\"description\":\"Pe\u00f1alolen\",\"publisher\":{\"@id\":\"https:\/\/italiapan.cl\/#organization\"},\"potentialAction\":[{\"@type\":\"SearchAction\",\"target\":{\"@type\":\"EntryPoint\",\"urlTemplate\":\"https:\/\/italiapan.cl\/?s={search_term_string}\"},\"query-input\":{\"@type\":\"PropertyValueSpecification\",\"valueRequired\":true,\"valueName\":\"search_term_string\"}}],\"inLanguage\":\"es\"},{\"@type\":\"Organization\",\"@id\":\"https:\/\/italiapan.cl\/#organization\",\"name\":\"Panaderia y Pasteleria\",\"url\":\"https:\/\/italiapan.cl\/\",\"logo\":{\"@type\":\"ImageObject\",\"inLanguage\":\"es\",\"@id\":\"https:\/\/italiapan.cl\/#\/schema\/logo\/image\/\",\"url\":\"https:\/\/italiapan.cl\/wp-content\/uploads\/2025\/08\/cropped-panaderialogo.png\",\"contentUrl\":\"https:\/\/italiapan.cl\/wp-content\/uploads\/2025\/08\/cropped-panaderialogo.png\",\"width\":1079,\"height\":1052,\"caption\":\"Panaderia y Pasteleria\"},\"image\":{\"@id\":\"https:\/\/italiapan.cl\/#\/schema\/logo\/image\/\"}}]}<\/script>\n<!-- \/ Yoast SEO plugin. -->","yoast_head_json":{"title":"Rebanada de pastel de vainilla y chocolate marmoleado","robots":{"index":"index","follow":"follow","max-snippet":"max-snippet:-1","max-image-preview":"max-image-preview:large","max-video-preview":"max-video-preview:-1"},"canonical":"https:\/\/italiapan.cl\/index.php\/producto\/rebanada-de-pastel-de-vainilla-y-chocolate-marmoleado\/","og_locale":"es_ES","og_type":"article","og_title":"Rebanada de pastel de vainilla y chocolate marmoleado","og_description":"Rebanada de pastel de vainilla y chocolate marmoleado\u00a0 \u00a0$2000 POR UNIDAD","og_url":"https:\/\/italiapan.cl\/index.php\/producto\/rebanada-de-pastel-de-vainilla-y-chocolate-marmoleado\/","og_site_name":"Panaderia y Pasteleria","og_image":[{"width":2560,"height":1707,"url":"https:\/\/italiapan.cl\/wp-content\/uploads\/2026\/02\/PANADERIA-116-scaled.jpg","type":"image\/jpeg"}],"twitter_card":"summary_large_image","twitter_misc":{"Tiempo de lectura":"1 minuto"},"schema":{"@context":"https:\/\/schema.org","@graph":[{"@type":"WebPage","@id":"https:\/\/italiapan.cl\/index.php\/producto\/rebanada-de-pastel-de-vainilla-y-chocolate-marmoleado\/","url":"https:\/\/italiapan.cl\/index.php\/producto\/rebanada-de-pastel-de-vainilla-y-chocolate-marmoleado\/","name":"Rebanada de pastel de vainilla y chocolate marmoleado","isPartOf":{"@id":"https:\/\/italiapan.cl\/#website"},"primaryImageOfPage":{"@id":"https:\/\/italiapan.cl\/index.php\/producto\/rebanada-de-pastel-de-vainilla-y-chocolate-marmoleado\/#primaryimage"},"image":{"@id":"https:\/\/italiapan.cl\/index.php\/producto\/rebanada-de-pastel-de-vainilla-y-chocolate-marmoleado\/#primaryimage"},"thumbnailUrl":"https:\/\/italiapan.cl\/wp-content\/uploads\/2026\/02\/PANADERIA-116-scaled.jpg","datePublished":"2026-02-11T18:13:18+00:00","breadcrumb":{"@id":"https:\/\/italiapan.cl\/index.php\/producto\/rebanada-de-pastel-de-vainilla-y-chocolate-marmoleado\/#breadcrumb"},"inLanguage":"es","potentialAction":[{"@type":"ReadAction","target":["https:\/\/italiapan.cl\/index.php\/producto\/rebanada-de-pastel-de-vainilla-y-chocolate-marmoleado\/"]}]},{"@type":"ImageObject","inLanguage":"es","@id":"https:\/\/italiapan.cl\/index.php\/producto\/rebanada-de-pastel-de-vainilla-y-chocolate-marmoleado\/#primaryimage","url":"https:\/\/italiapan.cl\/wp-content\/uploads\/2026\/02\/PANADERIA-116-scaled.jpg","contentUrl":"https:\/\/italiapan.cl\/wp-content\/uploads\/2026\/02\/PANADERIA-116-scaled.jpg","width":2560,"height":1707},{"@type":"BreadcrumbList","@id":"https:\/\/italiapan.cl\/index.php\/producto\/rebanada-de-pastel-de-vainilla-y-chocolate-marmoleado\/#breadcrumb","itemListElement":[{"@type":"ListItem","position":1,"name":"Portada","item":"https:\/\/italiapan.cl\/"},{"@type":"ListItem","position":2,"name":"Tienda","item":"https:\/\/italiapan.cl\/index.php\/tienda\/"},{"@type":"ListItem","position":3,"name":"Rebanada de pastel de vainilla y chocolate marmoleado"}]},{"@type":"WebSite","@id":"https:\/\/italiapan.cl\/#website","url":"https:\/\/italiapan.cl\/","name":"Panaderia y Pasteleria","description":"Pe\u00f1alolen","publisher":{"@id":"https:\/\/italiapan.cl\/#organization"},"potentialAction":[{"@type":"SearchAction","target":{"@type":"EntryPoint","urlTemplate":"https:\/\/italiapan.cl\/?s={search_term_string}"},"query-input":{"@type":"PropertyValueSpecification","valueRequired":true,"valueName":"search_term_string"}}],"inLanguage":"es"},{"@type":"Organization","@id":"https:\/\/italiapan.cl\/#organization","name":"Panaderia y Pasteleria","url":"https:\/\/italiapan.cl\/","logo":{"@type":"ImageObject","inLanguage":"es","@id":"https:\/\/italiapan.cl\/#\/schema\/logo\/image\/","url":"https:\/\/italiapan.cl\/wp-content\/uploads\/2025\/08\/cropped-panaderialogo.png","contentUrl":"https:\/\/italiapan.cl\/wp-content\/uploads\/2025\/08\/cropped-panaderialogo.png","width":1079,"height":1052,"caption":"Panaderia y Pasteleria"},"image":{"@id":"https:\/\/italiapan.cl\/#\/schema\/logo\/image\/"}}]}},"_links":{"self":[{"href":"https:\/\/italiapan.cl\/index.php\/wp-json\/wp\/v2\/product\/236","targetHints":{"allow":["GET"]}}],"collection":[{"href":"https:\/\/italiapan.cl\/index.php\/wp-json\/wp\/v2\/product"}],"about":[{"href":"https:\/\/italiapan.cl\/index.php\/wp-json\/wp\/v2\/types\/product"}],"replies":[{"embeddable":true,"href":"https:\/\/italiapan.cl\/index.php\/wp-json\/wp\/v2\/comments?post=236"}],"wp:featuredmedia":[{"embeddable":true,"href":"https:\/\/italiapan.cl\/index.php\/wp-json\/wp\/v2\/media\/237"}],"wp:attachment":[{"href":"https:\/\/italiapan.cl\/index.php\/wp-json\/wp\/v2\/media?parent=236"}],"wp:term":[{"taxonomy":"product_brand","embeddable":true,"href":"https:\/\/italiapan.cl\/index.php\/wp-json\/wp\/v2\/product_brand?post=236"},{"taxonomy":"product_cat","embeddable":true,"href":"https:\/\/italiapan.cl\/index.php\/wp-json\/wp\/v2\/product_cat?post=236"},{"taxonomy":"product_tag","embeddable":true,"href":"https:\/\/italiapan.cl\/index.php\/wp-json\/wp\/v2\/product_tag?post=236"}],"curies":[{"name":"wp","href":"https:\/\/api.w.org\/{rel}","templated":true}]}}